{"id":12,"date":"2025-12-19T10:56:05","date_gmt":"2025-12-19T10:56:05","guid":{"rendered":"https:\/\/oceanic-odette-vwql.zipwp.link\/?page_id=12"},"modified":"2025-12-19T10:56:05","modified_gmt":"2025-12-19T10:56:05","slug":"about","status":"publish","type":"page","link":"https:\/\/ia.kalitess.fr\/index.php\/about\/","title":{"rendered":"About"},"content":{"rendered":"\n<div class=\"wp-block-uagb-container uagb-layout-flex uagb-block-2c41d92f alignfull uagb-is-root-container\"><div class=\"uagb-container-inner-blocks-wrap\"><\/div><\/div>\n\n\n\n<div class=\"wp-block-uagb-container uagb-layout-flex uagb-block-42d46032 alignfull uagb-is-root-container\"><div class=\"uagb-container-inner-blocks-wrap\">\n<div class=\"wp-block-uagb-container uagb-block-6629aa60\">\n<div class=\"wp-block-uagb-container uag-blocks-common-selector uagb-layout-flex uagb-block-bd571728\">\n<div class=\"wp-block-uagb-info-box uagb-block-99c0cc65 uagb-infobox__content-wrap  uagb-infobox-icon-above-title uagb-infobox-image-valign-top wp-block-uagb-info-box--has-margin\"><div class=\"uagb-infobox-margin-wrapper\"><div class=\"uagb-ifb-content\"><div class=\"uagb-ifb-title-wrap\"><p class=\"uagb-ifb-title-prefix\">\u00c0 propos<\/p><h1 class=\"uagb-ifb-title\">D\u00e9couvrez notre expertise en accueil personnalis\u00e9 depuis 20 ans<\/h1><\/div><p class=\"uagb-ifb-desc\">Kalitess a su s&rsquo;imposer comme un leader dans l&rsquo;accueil d&rsquo;entreprise sur mesure, servant des clients avec un service professionnel et chaleureux, et garantissant une image de marque impeccable tout en atteignant des r\u00e9sultats exceptionnels.<\/p><\/div><\/div><\/div>\n<\/div>\n\n\n\n<div class=\"wp-block-uagb-container uag-blocks-common-selector uagb-layout-flex uagb-block-9bbf71ca\">\n<div class=\"wp-block-uagb-image uagb-block-e106f6fc wp-block-uagb-image--layout-default wp-block-uagb-image--effect-static wp-block-uagb-image--align-none\"><figure class=\"wp-block-uagb-image__figure\"><img decoding=\"async\" srcset=\"http:\/\/ia.kalitess.fr\/wp-content\/uploads\/2025\/12\/image-immeuble-kalitess.jpg ,http:\/\/ia.kalitess.fr\/wp-content\/uploads\/2025\/12\/image-immeuble-kalitess.jpg 780w, http:\/\/ia.kalitess.fr\/wp-content\/uploads\/2025\/12\/image-immeuble-kalitess.jpg 360w\" sizes=\"auto, (max-width: 480px) 150px\" src=\"http:\/\/ia.kalitess.fr\/wp-content\/uploads\/2025\/12\/image-immeuble-kalitess.jpg\" alt=\"image-immeuble-kalitess\" class=\"uag-image-1223\" width=\"510\" height=\"340\" title=\"creative-approach-img\" loading=\"lazy\" role=\"img\"\/><\/figure><\/div>\n\n\n\n<div class=\"wp-block-uagb-info-box uagb-block-8f31a05b uagb-infobox__content-wrap  uagb-infobox-icon-above-title uagb-infobox-image-valign-top wp-block-uagb-info-box--has-margin\"><div class=\"uagb-infobox-margin-wrapper\"><div class=\"uagb-ifb-content\"><div class=\"uagb-ifb-title-wrap\"><p class=\"uagb-ifb-title-prefix\">Notre Approche<\/p><h2 class=\"uagb-ifb-title\">Un service centr\u00e9 sur le client<\/h2><\/div><p class=\"uagb-ifb-desc\">Chez Kalitess, chaque projet est trait\u00e9 avec soin. Nous privil\u00e9gions la proximit\u00e9 et la r\u00e9activit\u00e9 pour nous assurer que chaque client b\u00e9n\u00e9ficie d&rsquo;un service sur mesure qui renforce son image de marque.<\/p><\/div><\/div><\/div>\n<\/div>\n<\/div>\n\n\n\n<div class=\"wp-block-uagb-container uagb-block-0c52d394 alignfull uagb-is-root-container\"><div class=\"uagb-container-inner-blocks-wrap\">\n<div class=\"wp-block-uagb-container uag-blocks-common-selector uagb-layout-grid uagb-block-e3f00284\">\n<div class=\"wp-block-uagb-image uagb-block-2c6b23d0 wp-block-uagb-image--layout-default wp-block-uagb-image--effect-static wp-block-uagb-image--align-none\"><figure class=\"wp-block-uagb-image__figure\"><img decoding=\"async\" srcset=\"http:\/\/ia.kalitess.fr\/wp-content\/uploads\/2025\/12\/3-image-event.jpg ,http:\/\/ia.kalitess.fr\/wp-content\/uploads\/2025\/12\/3-image-event.jpg 780w, http:\/\/ia.kalitess.fr\/wp-content\/uploads\/2025\/12\/3-image-event.jpg 360w\" sizes=\"auto, (max-width: 480px) 150px\" src=\"http:\/\/ia.kalitess.fr\/wp-content\/uploads\/2025\/12\/3-image-event.jpg\" alt=\"3-image-event\" class=\"uag-image-1229\" width=\"512\" height=\"340\" title=\"about-img\" loading=\"lazy\" role=\"img\"\/><\/figure><\/div>\n<\/div>\n\n\n\n<div class=\"wp-block-uagb-container uag-blocks-common-selector uagb-layout-flex uagb-block-2b79cca5\">\n<div class=\"wp-block-uagb-info-box uagb-block-03d80a89 uagb-infobox__content-wrap  uagb-infobox-icon-above-title uagb-infobox-image-valign-top wp-block-uagb-info-box--has-margin\"><div class=\"uagb-infobox-margin-wrapper\"><div class=\"uagb-ifb-content\"><div class=\"uagb-ifb-title-wrap\"><p class=\"uagb-ifb-title-prefix\">Notre Histoire<\/p><h2 class=\"uagb-ifb-title\">De la passion \u00e0 l&rsquo;excellence<\/h2><\/div><p class=\"uagb-ifb-desc\">Fond\u00e9e en 2003 par Sandrine Andres, Kalitess a d\u00e9marr\u00e9 avec une vision claire : transformer l&rsquo;accueil en une exp\u00e9rience personnalis\u00e9e. Au fil des ann\u00e9es, l&rsquo;agence a grandement \u00e9volu\u00e9 tout en restant fid\u00e8le \u00e0 ses valeurs fondamentales.<\/p><\/div><\/div><\/div>\n\n\n\n<div class=\"wp-block-uagb-advanced-heading uagb-block-fb20a39e\"><p class=\"uagb-heading-text\">Aujourd&rsquo;hui, Kalitess est une r\u00e9f\u00e9rence \u00e0 Paris pour les entreprises cherchant un accueil de haute qualit\u00e9, gr\u00e2ce \u00e0 son \u00e9quipe d\u00e9di\u00e9e et \u00e0 sa capacit\u00e9 d&rsquo;adaptation aux besoins des clients.<\/p><\/div>\n<\/div>\n<\/div><\/div>\n<\/div><\/div>\n\n\n\n<div class=\"wp-block-uagb-container uagb-layout-grid uagb-block-46aa93fc alignfull uagb-is-root-container\"><div class=\"uagb-container-inner-blocks-wrap\">\n<div class=\"wp-block-uagb-container uag-blocks-common-selector uagb-layout-flex uagb-block-a90344ef\">\n<div class=\"wp-block-uagb-image uagb-block-91bc4dda wp-block-uagb-image--layout-default wp-block-uagb-image--effect-static wp-block-uagb-image--align-none\"><figure class=\"wp-block-uagb-image__figure\"><img decoding=\"async\" srcset=\"http:\/\/ia.kalitess.fr\/wp-content\/uploads\/2025\/12\/pupitre-grande-image-scaled-1.jpg ,http:\/\/ia.kalitess.fr\/wp-content\/uploads\/2025\/12\/pupitre-grande-image-scaled-1.jpg 780w, http:\/\/ia.kalitess.fr\/wp-content\/uploads\/2025\/12\/pupitre-grande-image-scaled-1.jpg 360w\" sizes=\"auto, (max-width: 480px) 150px\" src=\"http:\/\/ia.kalitess.fr\/wp-content\/uploads\/2025\/12\/pupitre-grande-image-scaled-1.jpg\" alt=\"pupitre-grande-image\" class=\"uag-image-1227\" width=\"574\" height=\"340\" title=\"core-values\" loading=\"lazy\" role=\"img\"\/><\/figure><\/div>\n\n\n\n<div class=\"wp-block-uagb-advanced-heading uagb-block-e687ec9d\"><h3 class=\"uagb-heading-text\">Valeurs Fondamentales<\/h3><p class=\"uagb-desc-text\">Nous croyons en l&rsquo;int\u00e9grit\u00e9, le professionnalisme et la passion qui guident toutes nos interactions. Chaque membre de notre \u00e9quipe s&rsquo;engage \u00e0 incarner ces valeurs pour offrir une exp\u00e9rience d&rsquo;accueil exceptionnelle.<\/p><\/div>\n<\/div>\n\n\n\n<div class=\"wp-block-uagb-container uag-blocks-common-selector uagb-layout-flex uagb-block-7d7aefe1\">\n<div class=\"wp-block-uagb-image uagb-block-1d17c7c5 wp-block-uagb-image--layout-default wp-block-uagb-image--effect-static wp-block-uagb-image--align-none\"><figure class=\"wp-block-uagb-image__figure\"><img decoding=\"async\" srcset=\"http:\/\/ia.kalitess.fr\/wp-content\/uploads\/2025\/12\/image-bureau-secretaire.jpg ,http:\/\/ia.kalitess.fr\/wp-content\/uploads\/2025\/12\/image-bureau-secretaire.jpg 780w, http:\/\/ia.kalitess.fr\/wp-content\/uploads\/2025\/12\/image-bureau-secretaire.jpg 360w\" sizes=\"auto, (max-width: 480px) 150px\" src=\"http:\/\/ia.kalitess.fr\/wp-content\/uploads\/2025\/12\/image-bureau-secretaire.jpg\" alt=\"image-bureau-secretaire\" class=\"uag-image-1224\" width=\"574\" height=\"340\" title=\"our-mission\" loading=\"lazy\" role=\"img\"\/><\/figure><\/div>\n\n\n\n<div class=\"wp-block-uagb-advanced-heading uagb-block-6f2551cb\"><h3 class=\"uagb-heading-text\">Notre Mission<\/h3><p class=\"uagb-desc-text\">Fournir des solutions d&rsquo;accueil sur mesure, adapt\u00e9es aux besoins uniques de chaque client, tout en garantissant un service de qualit\u00e9 sup\u00e9rieure et une exp\u00e9rience inoubliable.<\/p><\/div>\n<\/div>\n<\/div><\/div>\n\n\n\n<div class=\"wp-block-uagb-container uag-blocks-common-selector uagb-layout-flex uagb-block-1b6f8c6f default uagb-is-root-container\">\n<div class=\"wp-block-uagb-info-box uagb-block-2abebf24 uagb-infobox__content-wrap  uagb-infobox-icon-above-title uagb-infobox-image-valign-top wp-block-uagb-info-box--has-margin\"><div class=\"uagb-infobox-margin-wrapper\"><div class=\"uagb-ifb-content\"><div class=\"uagb-ifb-icon-wrap\"><svg xmlns=\"https:\/\/www.w3.org\/2000\/svg\" viewBox=\"0 0 448 512\"><path d=\"M96 96C42.98 96 0 138.1 0 192s42.98 96 96 96c11.28 0 21.95-2.305 32-5.879V288c0 35.3-28.7 64-64 64c-17.67 0-32 14.33-32 32s14.33 32 32 32c70.58 0 128-57.42 128-128V192C192 138.1 149 96 96 96zM448 192c0-53.02-42.98-96-96-96s-96 42.98-96 96s42.98 96 96 96c11.28 0 21.95-2.305 32-5.879V288c0 35.3-28.7 64-64 64c-17.67 0-32 14.33-32 32s14.33 32 32 32c70.58 0 128-57.42 128-128V192z\"><\/path><\/svg><\/div><div class=\"uagb-ifb-title-wrap\"><p class=\"uagb-ifb-title\">La cl\u00e9 d&rsquo;un accueil exceptionnel r\u00e9side dans la compr\u00e9hension des besoins de nos clients. Chez Kalitess, nous faisons de cette compr\u00e9hension notre priorit\u00e9 afin d&rsquo;offrir un service qui d\u00e9passe les attentes.<\/p><\/div><p class=\"uagb-ifb-desc\">\u2014 Sandrine Andres, Fondatrice<\/p><\/div><\/div><\/div>\n<\/div>\n\n\n\n<div class=\"wp-block-uagb-container uagb-block-387e3e95 alignfull uagb-is-root-container\"><div class=\"uagb-container-inner-blocks-wrap\">\n<div class=\"wp-block-uagb-advanced-heading uagb-block-74dfce91\"><p class=\"uagb-desc-text\">Rencontrez notre \u00e9quipe d\u00e9di\u00e9e<\/p><h2 class=\"uagb-heading-text\">L&rsquo;excellence \u00e0 votre service<\/h2><\/div>\n\n\n\n<div class=\"wp-block-uagb-container uagb-layout-flex uagb-block-84b949e2\">\n<div class=\"wp-block-uagb-container uagb-layout-flex uagb-block-e39e089e\">\n<div class=\"wp-block-uagb-advanced-heading uagb-block-ce710774\"><p class=\"uagb-heading-text\">Emily Carter<\/p><\/div>\n<\/div>\n\n\n\n<div class=\"wp-block-uagb-container uagb-block-fe69c94f\">\n<div class=\"wp-block-uagb-advanced-heading uagb-block-9004e2e7\"><p class=\"uagb-heading-text\">David Thompson<\/p><\/div>\n<\/div>\n\n\n\n<div class=\"wp-block-uagb-container uagb-block-771389e2\">\n<div class=\"wp-block-uagb-advanced-heading uagb-block-7b6f5e3e\"><p class=\"uagb-heading-text\">Sophie Martinez<\/p><\/div>\n<\/div>\n\n\n\n<div class=\"wp-block-uagb-container uagb-layout-flex uagb-block-7f964851\">\n<div class=\"wp-block-uagb-advanced-heading uagb-block-4868aa6e\"><p class=\"uagb-heading-text\">Michael Lee<\/p><\/div>\n<\/div>\n<\/div>\n<\/div><\/div>\n\n\n\n<div class=\"wp-block-uagb-container uagb-layout-flex uagb-block-05314e7e alignfull uagb-is-root-container\"><div class=\"uagb-container-inner-blocks-wrap\">\n<div class=\"wp-block-uagb-info-box uagb-block-8ce7620c uagb-infobox__content-wrap  uagb-infobox-icon-above-title uagb-infobox-image-valign-top wp-block-uagb-info-box--has-margin\"><div class=\"uagb-infobox-margin-wrapper\"><div class=\"uagb-ifb-content\"><div class=\"uagb-ifb-title-wrap\"><p class=\"uagb-ifb-title-prefix\">Restons connect\u00e9s<\/p><h1 class=\"uagb-ifb-title\">Contactez-nous pour un accueil personnalis\u00e9 et sur mesure.<\/h1><\/div><p class=\"uagb-ifb-desc\">Notre \u00e9quipe est pr\u00eate \u00e0 r\u00e9pondre \u00e0 toutes vos questions et \u00e0 \u00e9laborer ensemble une solution d&rsquo;accueil adapt\u00e9e \u00e0 vos besoins.<\/p><div class=\"uagb-ifb-button-wrapper wp-block-button\"><a href=\"\/contact\" class=\"uagb-infobox-cta-link wp-block-button__link\" target=\"_self\" rel=\"noopener noreferrer\" onclick=\"return true;\"><span class=\"uagb-inline-editing\">D\u00e9couvrez nos services<\/span><\/a><\/div><\/div><\/div><\/div>\n\n\n\n<div class=\"wp-block-uagb-advanced-heading uagb-block-341ebfb8\"><div class=\"uagb-heading-text\">Or<\/div><\/div>\n\n\n\n<div class=\"wp-block-uagb-advanced-heading uagb-block-fb2399ce\"><p class=\"uagb-heading-text\">Appeler: 01 58 18 08 08<\/p><\/div>\n<\/div><\/div>\n","protected":false},"excerpt":{"rendered":"","protected":false},"author":1,"featured_media":0,"parent":0,"menu_order":0,"comment_status":"closed","ping_status":"closed","template":"","meta":{"footnotes":""},"class_list":["post-12","page","type-page","status-publish","hentry"],"_links":{"self":[{"href":"https:\/\/ia.kalitess.fr\/index.php\/wp-json\/wp\/v2\/pages\/12","targetHints":{"allow":["GET"]}}],"collection":[{"href":"https:\/\/ia.kalitess.fr\/index.php\/wp-json\/wp\/v2\/pages"}],"about":[{"href":"https:\/\/ia.kalitess.fr\/index.php\/wp-json\/wp\/v2\/types\/page"}],"author":[{"embeddable":true,"href":"https:\/\/ia.kalitess.fr\/index.php\/wp-json\/wp\/v2\/users\/1"}],"replies":[{"embeddable":true,"href":"https:\/\/ia.kalitess.fr\/index.php\/wp-json\/wp\/v2\/comments?post=12"}],"version-history":[{"count":0,"href":"https:\/\/ia.kalitess.fr\/index.php\/wp-json\/wp\/v2\/pages\/12\/revisions"}],"wp:attachment":[{"href":"https:\/\/ia.kalitess.fr\/index.php\/wp-json\/wp\/v2\/media?parent=12"}],"curies":[{"name":"wp","href":"https:\/\/api.w.org\/{rel}","templated":true}]}}