{"id":13,"date":"2025-12-19T10:56:05","date_gmt":"2025-12-19T10:56:05","guid":{"rendered":"https:\/\/oceanic-odette-vwql.zipwp.link\/?page_id=13"},"modified":"2025-12-19T10:56:05","modified_gmt":"2025-12-19T10:56:05","slug":"services","status":"publish","type":"page","link":"https:\/\/ia.kalitess.fr\/index.php\/services\/","title":{"rendered":"Services"},"content":{"rendered":"\n<div class=\"wp-block-uagb-container uagb-layout-flex uagb-block-2c41d92f alignfull uagb-is-root-container\"><div class=\"uagb-container-inner-blocks-wrap\"><\/div><\/div>\n\n\n\n<div class=\"wp-block-uagb-container uagb-layout-grid uagb-block-2817d0b1 alignfull uagb-is-root-container\"><div class=\"uagb-container-inner-blocks-wrap\">\n<div class=\"wp-block-uagb-container uag-blocks-common-selector uagb-layout-flex uagb-block-bd571728\">\n<div class=\"wp-block-uagb-info-box uagb-block-99c0cc65 uagb-infobox__content-wrap  uagb-infobox-icon-above-title uagb-infobox-image-valign-top wp-block-uagb-info-box--has-margin\"><div class=\"uagb-infobox-margin-wrapper\"><div class=\"uagb-ifb-content\"><div class=\"uagb-ifb-title-wrap\"><p class=\"uagb-ifb-title-prefix\">Services<\/p><h1 class=\"uagb-ifb-title\">Votre accueil personnalis\u00e9 et professionnel<\/h1><\/div><p class=\"uagb-ifb-desc\">Chez Kalitess, nous nous engageons \u00e0 fournir un accueil sur mesure et chaleureux, parfaitement adapt\u00e9 aux besoins de votre entreprise depuis pr\u00e8s de 20 ans. D\u00e9couvrez nos services d&rsquo;excellence d\u00e8s maintenant.<\/p><\/div><\/div><\/div>\n<\/div>\n\n\n\n<div class=\"wp-block-uagb-container uag-blocks-common-selector uagb-layout-grid uagb-block-e3f00284\">\n<div class=\"wp-block-uagb-advanced-heading uagb-block-c024826e\"><p class=\"uagb-desc-text\">Notre M\u00e9thode<\/p><h2 class=\"uagb-heading-text\">\u00c9tapes cl\u00e9s de notre approche pour un accueil r\u00e9ussi<\/h2><\/div>\n\n\n\n<div class=\"wp-block-uagb-advanced-heading uagb-block-743599e6\"><p class=\"uagb-desc-text\">\u00c9tape-01<\/p><h3 class=\"uagb-heading-text\">Analyse des besoins<\/h3><\/div>\n\n\n\n<div class=\"wp-block-uagb-advanced-heading uagb-block-b634476b\"><p class=\"uagb-desc-text\">\u00c9tape-02<\/p><h3 class=\"uagb-heading-text\">Formation des \u00e9quipes<\/h3><\/div>\n\n\n\n<div class=\"wp-block-uagb-advanced-heading uagb-block-1aa7497a\"><p class=\"uagb-desc-text\">\u00c9tape-03<\/p><h3 class=\"uagb-heading-text\">Mise en \u0153uvre sur site<\/h3><\/div>\n<\/div>\n<\/div><\/div>\n\n\n\n<div class=\"wp-block-uagb-container uagb-block-ebc27a13 alignfull uagb-is-root-container\"><div class=\"uagb-container-inner-blocks-wrap\">\n<div class=\"wp-block-uagb-container uagb-block-648d12f8\">\n<div class=\"wp-block-uagb-container uagb-block-674720e4\">\n<div class=\"wp-block-uagb-info-box uagb-block-6a0b3471 uagb-infobox__content-wrap  uagb-infobox-icon-above-title uagb-infobox-image-valign-top\"><div class=\"uagb-ifb-content\"><div class=\"uagb-ifb-title-wrap\"><h3 class=\"uagb-ifb-title-prefix\">01<\/h3><h3 class=\"uagb-ifb-title\">Accueil \u00c9v\u00e9nementiel<\/h3><\/div><p class=\"uagb-ifb-desc\">Nous proposons des services d&rsquo;accueil pour divers \u00e9v\u00e9nements, qu&rsquo;ils soient professionnels ou priv\u00e9s. Notre \u00e9quipe est form\u00e9e pour repr\u00e9senter votre entreprise tout en offrant une exp\u00e9rience chaleureuse et m\u00e9morable \u00e0 vos invit\u00e9s.<\/p><\/div><\/div>\n<\/div>\n<\/div>\n\n\n\n<div class=\"wp-block-uagb-container uagb-block-2f3fbe3d\">\n<div class=\"wp-block-uagb-container uagb-block-aaf1d8e9\">\n<div class=\"wp-block-uagb-info-box uagb-block-a272020b uagb-infobox__content-wrap  uagb-infobox-icon-above-title uagb-infobox-image-valign-top\"><div class=\"uagb-ifb-content\"><div class=\"uagb-ifb-title-wrap\"><h3 class=\"uagb-ifb-title-prefix\">02<\/h3><h3 class=\"uagb-ifb-title\">Accueil en Entreprise<\/h3><\/div><p class=\"uagb-ifb-desc\">Kalitess fournit des h\u00f4tes et h\u00f4tesses qualifi\u00e9s pour votre entreprise. Leur mission : cr\u00e9er une premi\u00e8re impression positive et veiller \u00e0 ce que vos clients et partenaires se sentent toujours les bienvenus.<\/p><\/div><\/div>\n<\/div>\n<\/div>\n\n\n\n<div class=\"wp-block-uagb-container uagb-block-f2f946b6\">\n<div class=\"wp-block-uagb-container uagb-block-d8e8ef6c\">\n<div class=\"wp-block-uagb-info-box uagb-block-d6474b2b uagb-infobox__content-wrap  uagb-infobox-icon-above-title uagb-infobox-image-valign-top\"><div class=\"uagb-ifb-content\"><div class=\"uagb-ifb-title-wrap\"><h3 class=\"uagb-ifb-title-prefix\">03<\/h3><h3 class=\"uagb-ifb-title\">Gestion de R\u00e9ception<\/h3><\/div><p class=\"uagb-ifb-desc\">Nous offrons un service de gestion de r\u00e9ception, garantissant que chaque visiteur est accueilli avec professionnalisme. Notre \u00e9quipe g\u00e8re les appels, les rendez-vous et toutes les demandes des clients avec efficacit\u00e9.<\/p><\/div><\/div>\n<\/div>\n<\/div>\n\n\n\n<div class=\"wp-block-uagb-container uagb-block-93c7f408\">\n<div class=\"wp-block-uagb-container uagb-block-255deae5\">\n<div class=\"wp-block-uagb-info-box uagb-block-6f188a44 uagb-infobox__content-wrap  uagb-infobox-icon-above-title uagb-infobox-image-valign-top\"><div class=\"uagb-ifb-content\"><div class=\"uagb-ifb-title-wrap\"><h3 class=\"uagb-ifb-title-prefix\">04<\/h3><h3 class=\"uagb-ifb-title\">Aide \u00e0 l&rsquo;Ev\u00e8nement<\/h3><\/div><p class=\"uagb-ifb-desc\">Notre service d&rsquo;aide \u00e0 l&rsquo;\u00e9v\u00e9nement comprend la planification, la coordination et l&rsquo;ex\u00e9cution. Nous nous assurons que chaque d\u00e9tail est pris en charge pour que votre \u00e9v\u00e9nement soit un succ\u00e8s retentissant.<\/p><\/div><\/div>\n<\/div>\n<\/div>\n\n\n\n<div class=\"wp-block-uagb-container uagb-block-0fd99add\">\n<div class=\"wp-block-uagb-container uagb-block-c8bfe7c5\">\n<div class=\"wp-block-uagb-info-box uagb-block-4fecdd96 uagb-infobox__content-wrap  uagb-infobox-icon-above-title uagb-infobox-image-valign-top\"><div class=\"uagb-ifb-content\"><div class=\"uagb-ifb-title-wrap\"><h3 class=\"uagb-ifb-title-prefix\">05<\/h3><h3 class=\"uagb-ifb-title\">Conseil Personnalis\u00e9<\/h3><\/div><p class=\"uagb-ifb-desc\">Kalitess offre des consultations personnalis\u00e9es pour d\u00e9finir vos besoins sp\u00e9cifiques en mati\u00e8re d&rsquo;accueil. Nous travaillons en \u00e9troite collaboration avec vous pour \u00e9laborer des solutions sur mesure qui refl\u00e8tent votre image d&rsquo;entreprise.<\/p><\/div><\/div>\n<\/div>\n<\/div>\n<\/div><\/div>\n\n\n\n<div class=\"wp-block-uagb-container uagb-layout-flex uagb-block-05314e7e alignfull uagb-is-root-container\"><div class=\"uagb-container-inner-blocks-wrap\">\n<div class=\"wp-block-uagb-info-box uagb-block-8ce7620c uagb-infobox__content-wrap  uagb-infobox-icon-above-title uagb-infobox-image-valign-top wp-block-uagb-info-box--has-margin\"><div class=\"uagb-infobox-margin-wrapper\"><div class=\"uagb-ifb-content\"><div class=\"uagb-ifb-title-wrap\"><p class=\"uagb-ifb-title-prefix\">Restons connect\u00e9s<\/p><h1 class=\"uagb-ifb-title\">Contactez-nous pour un accueil personnalis\u00e9 et sur mesure.<\/h1><\/div><p class=\"uagb-ifb-desc\">Notre \u00e9quipe est pr\u00eate \u00e0 r\u00e9pondre \u00e0 toutes vos questions et \u00e0 \u00e9laborer ensemble une solution d&rsquo;accueil adapt\u00e9e \u00e0 vos besoins.<\/p><div class=\"uagb-ifb-button-wrapper wp-block-button\"><a href=\"\/contact\" class=\"uagb-infobox-cta-link wp-block-button__link\" target=\"_self\" rel=\"noopener noreferrer\" onclick=\"return true;\"><span class=\"uagb-inline-editing\">D\u00e9couvrez nos services<\/span><\/a><\/div><\/div><\/div><\/div>\n\n\n\n<div class=\"wp-block-uagb-advanced-heading uagb-block-341ebfb8\"><div class=\"uagb-heading-text\">Or<\/div><\/div>\n\n\n\n<div class=\"wp-block-uagb-advanced-heading uagb-block-fb2399ce\"><p class=\"uagb-heading-text\">Appeler: 01 58 18 08 08<\/p><\/div>\n<\/div><\/div>\n","protected":false},"excerpt":{"rendered":"","protected":false},"author":1,"featured_media":0,"parent":0,"menu_order":0,"comment_status":"closed","ping_status":"closed","template":"","meta":{"footnotes":""},"class_list":["post-13","page","type-page","status-publish","hentry"],"_links":{"self":[{"href":"https:\/\/ia.kalitess.fr\/index.php\/wp-json\/wp\/v2\/pages\/13","targetHints":{"allow":["GET"]}}],"collection":[{"href":"https:\/\/ia.kalitess.fr\/index.php\/wp-json\/wp\/v2\/pages"}],"about":[{"href":"https:\/\/ia.kalitess.fr\/index.php\/wp-json\/wp\/v2\/types\/page"}],"author":[{"embeddable":true,"href":"https:\/\/ia.kalitess.fr\/index.php\/wp-json\/wp\/v2\/users\/1"}],"replies":[{"embeddable":true,"href":"https:\/\/ia.kalitess.fr\/index.php\/wp-json\/wp\/v2\/comments?post=13"}],"version-history":[{"count":0,"href":"https:\/\/ia.kalitess.fr\/index.php\/wp-json\/wp\/v2\/pages\/13\/revisions"}],"wp:attachment":[{"href":"https:\/\/ia.kalitess.fr\/index.php\/wp-json\/wp\/v2\/media?parent=13"}],"curies":[{"name":"wp","href":"https:\/\/api.w.org\/{rel}","templated":true}]}}