{"id":455,"date":"2019-07-26T19:12:43","date_gmt":"2019-07-26T17:12:43","guid":{"rendered":"https:\/\/www.kalitess.fr\/?page_id=455"},"modified":"2019-07-26T19:12:43","modified_gmt":"2019-07-26T17:12:43","slug":"offres-demploi","status":"publish","type":"page","link":"https:\/\/ia.kalitess.fr\/index.php\/offres-demploi\/","title":{"rendered":"[:fr]Offres d&#039;emploi[:en]Job offers[:]"},"content":{"rendered":"<p>[:fr]<\/p>\n<article>\n<style>.elementor-369 .elementor-element.elementor-element-6976fea > .elementor-column-wrap > .elementor-widget-wrap > .elementor-widget:not(.elementor-widget__width-auto):not(.elementor-widget__width-initial):not(:last-child):not(.elementor-absolute){margin-bottom:0px;}.elementor-369 .elementor-element.elementor-element-907deba .ae-element-post-title{text-align:left;font-family:\"EB Garamond\", Sans-serif;font-size:65px;font-weight:400;line-height:0.9em;color:#000000;}@media(max-width:767px){.elementor-369 .elementor-element.elementor-element-907deba .ae-element-post-title{font-size:50px;}}\/* Start custom CSS for ae-post-title, class: .elementor-element-907deba *\/.elementor-369 .elementor-element.elementor-element-907deba h2 {\n    margin: 0;\n}\/* End custom CSS *\/<\/style>\n<section data-id=\"3497109\" data-element_type=\"section\">\n<h2 itemprop=\"name\">Offres d&#8217;emploi<\/h2>\n<\/section>\n<\/article>\n<article>\n<style>.elementor-365 .elementor-element.elementor-element-50076bf > .elementor-column-wrap > .elementor-widget-wrap > .elementor-widget:not(.elementor-widget__width-auto):not(.elementor-widget__width-initial):not(:last-child):not(.elementor-absolute){margin-bottom:0px;}.elementor-365 .elementor-element.elementor-element-1792fb1 .ae-acf-content-wrapper, .elementor-365 .elementor-element.elementor-element-1792fb1 .ae-acf-content-wrapper a{font-family:\"Work Sans\", Sans-serif;font-size:15px;line-height:1.4em;color:#000000;}\/* Start custom CSS for ae-acf, class: .elementor-element-1792fb1 *\/.elementor-365 .elementor-element.elementor-element-1792fb1 {\n    color: #000000 !important;\n    font-family: \"Work Sans\" !important;\n    font-size: 15px !important;\n    line-height: 1.4em !important;\n}\/* End custom CSS *\/<\/style>\n<section data-id=\"b67c3ca\" data-element_type=\"section\">\n<p itemprop=\"name\">\n<p>Nous recrutons tout au long de l\u2019ann\u00e9e des h\u00f4tes et h\u00f4tesses pour de l\u2019accueil en entreprise sur Paris et en r\u00e9gion parisienne.<\/p>\n<p>Pour postuler, merci de d\u00e9poser votre CV sur ce site ou de l\u2019envoyer par mail \u00e0 <a href=\"mailto:recrutement@kalitess.fr\">recrutement@kalitess.fr<\/a>.<\/p>\n<\/p>\n<\/section>\n<\/article>\n<p>\t\t\t\t\t\t\t\t\t\t<img loading=\"lazy\" decoding=\"async\" width=\"1024\" height=\"2027\" src=\"http:\/\/ia.kalitess.fr\/wp-content\/uploads\/2019\/07\/offres_d_emploi.png\" alt=\"\" srcset=\"http:\/\/ia.kalitess.fr\/wp-content\/uploads\/2019\/07\/offres_d_emploi.png 1024w, http:\/\/ia.kalitess.fr\/wp-content\/uploads\/2019\/07\/offres_d_emploi-152x300.png 152w, http:\/\/ia.kalitess.fr\/wp-content\/uploads\/2019\/07\/offres_d_emploi-768x1520.png 768w, http:\/\/ia.kalitess.fr\/wp-content\/uploads\/2019\/07\/offres_d_emploi-517x1024.png 517w\" sizes=\"auto, (max-width: 1024px) 100vw, 1024px\" \/>\t\t\t\t\t\t\t\t\t\t\t<\/p>\n<article>\n<style>.elementor-461 .elementor-element.elementor-element-19f90b2 > .elementor-column-wrap > .elementor-widget-wrap > .elementor-widget:not(.elementor-widget__width-auto):not(.elementor-widget__width-initial):not(:last-child):not(.elementor-absolute){margin-bottom:0px;}.elementor-461 .elementor-element.elementor-element-954e887 .elementor-divider-separator{border-top-style:solid;border-top-width:3px;border-top-color:#953219;width:100%;}.elementor-461 .elementor-element.elementor-element-954e887 .elementor-divider{padding-top:15px;padding-bottom:15px;}.elementor-461 .elementor-element.elementor-element-76256aa .ae-element-post-title{text-align:left;font-family:\"EB Garamond\", Sans-serif;font-size:65px;font-weight:400;color:#000000;}.elementor-461 .elementor-element.elementor-element-76256aa > .elementor-widget-container{margin:0px 0px 0px 0px;padding:0px 0px 0px 0px;}.elementor-461 .elementor-element.elementor-element-88e59c5 .ae-element-post-content{color:#000000;text-align:left;font-family:\"Work Sans\", Sans-serif;font-size:15px;}.elementor-461 .elementor-element.elementor-element-88e59c5 > .elementor-widget-container{margin:0px 0px 25px 0px;padding:0px 0px 0px 0px;}@media(max-width:767px){.elementor-461 .elementor-element.elementor-element-76256aa .ae-element-post-title{font-size:50px;}}\/* Start custom CSS for ae-post-title, class: .elementor-element-76256aa *\/.elementor-461 .elementor-element.elementor-element-76256aa h3 {\n    margin: 0;\n}\/* End custom CSS *\/\n\/* Start custom CSS for ae-post-content, class: .elementor-element-88e59c5 *\/.elementor-461 .elementor-element.elementor-element-88e59c5 {\n    color: #000000 !important;\n    font-family: \"Work Sans\" !important;\n    font-size: 15px !important;\n    line-height: 1.4em !important;\n}\/* End custom CSS *\/<\/style>\n<section data-id=\"b309f97\" data-element_type=\"section\">\n<h3 itemprop=\"name\">Nombreux CDI \u00e0 partir de fin Ao\u00fbt<\/h3>\n<p>Nous recrutons pour de nombreux CDI temps partiels et temps plein \u00e0 partir de fin Ao\u00fbt.<br \/>\nVous \u00eates dynamiques, autonomes, vous avez un bon niveau en anglais et aimez le contact.<br \/>\nD\u00e9posez votre CV sur notre site, il sera \u00e9tudiez prochainement pour des postes sur Paris et proches banlieue.<\/p>\n<p><strong>Type de contrat:<br \/>\n<\/strong>CDI<\/p>\n<p><strong>Type de poste:<br \/>\n<\/strong>Temps plein<br \/>\nTemps partiel en matin\u00e9e<br \/>\nTemps partiel l&rsquo;apr\u00e8s-midi<\/p>\n<p><strong>Missions:<br \/>\n<\/strong>\u2022 Accueil des visiteurs<br \/>\n\u2022 Commande de coursiers<br \/>\n\u2022 Gestion des salles de r\u00e9union<br \/>\n\u2022 Gestion du courrier<br \/>\n\u2022 Gestion du standard t\u00e9l\u00e9phonique<\/p>\n<\/section>\n<\/article>\n<article>\n<style>.elementor-461 .elementor-element.elementor-element-19f90b2 > .elementor-column-wrap > .elementor-widget-wrap > .elementor-widget:not(.elementor-widget__width-auto):not(.elementor-widget__width-initial):not(:last-child):not(.elementor-absolute){margin-bottom:0px;}.elementor-461 .elementor-element.elementor-element-954e887 .elementor-divider-separator{border-top-style:solid;border-top-width:3px;border-top-color:#953219;width:100%;}.elementor-461 .elementor-element.elementor-element-954e887 .elementor-divider{padding-top:15px;padding-bottom:15px;}.elementor-461 .elementor-element.elementor-element-76256aa .ae-element-post-title{text-align:left;font-family:\"EB Garamond\", Sans-serif;font-size:65px;font-weight:400;color:#000000;}.elementor-461 .elementor-element.elementor-element-76256aa > .elementor-widget-container{margin:0px 0px 0px 0px;padding:0px 0px 0px 0px;}.elementor-461 .elementor-element.elementor-element-88e59c5 .ae-element-post-content{color:#000000;text-align:left;font-family:\"Work Sans\", Sans-serif;font-size:15px;}.elementor-461 .elementor-element.elementor-element-88e59c5 > .elementor-widget-container{margin:0px 0px 25px 0px;padding:0px 0px 0px 0px;}@media(max-width:767px){.elementor-461 .elementor-element.elementor-element-76256aa .ae-element-post-title{font-size:50px;}}\/* Start custom CSS for ae-post-title, class: .elementor-element-76256aa *\/.elementor-461 .elementor-element.elementor-element-76256aa h3 {\n    margin: 0;\n}\/* End custom CSS *\/\n\/* Start custom CSS for ae-post-content, class: .elementor-element-88e59c5 *\/.elementor-461 .elementor-element.elementor-element-88e59c5 {\n    color: #000000 !important;\n    font-family: \"Work Sans\" !important;\n    font-size: 15px !important;\n    line-height: 1.4em !important;\n}\/* End custom CSS *\/<\/style>\n<section data-id=\"b309f97\" data-element_type=\"section\">\n<h3 itemprop=\"name\">CDI Temps partiel apr\u00e8s-midi<\/h3>\n<p>Nous recrutons pour un client situ\u00e9 \u00e0 Paris une h\u00f4tesse d&rsquo;accueil ou un h\u00f4te d&rsquo;accueil en entreprise.<\/p>\n<p>Poste de 13h30 \u00e0 19h du lundi au vendredi.<\/p>\n<p>Les missions : accueil des visiteurs, gestion du standard t\u00e9l\u00e9phonique.<\/p>\n<p><strong>Profile:<\/strong><br \/>\nAnglais courant, autonome, dynamique et bonne pr\u00e9sentation.<\/p>\n<p><strong>Localisation:<\/strong><br \/>\nParis<\/p>\n<p><strong>Type de poste:\u00a0<\/strong><br \/>\nTemps partiel l&rsquo;apr\u00e8s-midi<\/p>\n<p><strong>Profil:<\/strong><\/p>\n<ul>\n<li>Anglais &#8211; Bon niveau<\/li>\n<li>Autonome<\/li>\n<li>Bonne \u00e9locution<\/li>\n<li>Bonne pr\u00e9sentation<\/li>\n<li>Dynamique<\/li>\n<\/ul>\n<\/section>\n<\/article>\n<p>[:en]<\/p>\n<article>\n<style>.elementor-369 .elementor-element.elementor-element-6976fea > .elementor-column-wrap > .elementor-widget-wrap > .elementor-widget:not(.elementor-widget__width-auto):not(.elementor-widget__width-initial):not(:last-child):not(.elementor-absolute){margin-bottom:0px;}.elementor-369 .elementor-element.elementor-element-907deba .ae-element-post-title{text-align:left;font-family:\"EB Garamond\", Sans-serif;font-size:65px;font-weight:400;line-height:0.9em;color:#000000;}@media(max-width:767px){.elementor-369 .elementor-element.elementor-element-907deba .ae-element-post-title{font-size:50px;}}\/* Start custom CSS for ae-post-title, class: .elementor-element-907deba *\/.elementor-369 .elementor-element.elementor-element-907deba h2 {<br \/>\n    margin: 0;<br \/>\n}\/* End custom CSS *\/<\/style>\n<section data-id=\"3497109\" data-element_type=\"section\">\n<h2>Offres d&#8217;emploi<\/h2>\n<\/section>\n<\/article>\n<article>\n<style>.elementor-365 .elementor-element.elementor-element-50076bf > .elementor-column-wrap > .elementor-widget-wrap > .elementor-widget:not(.elementor-widget__width-auto):not(.elementor-widget__width-initial):not(:last-child):not(.elementor-absolute){margin-bottom:0px;}.elementor-365 .elementor-element.elementor-element-1792fb1 .ae-acf-content-wrapper, .elementor-365 .elementor-element.elementor-element-1792fb1 .ae-acf-content-wrapper a{font-family:\"Work Sans\", Sans-serif;font-size:15px;line-height:1.4em;color:#000000;}\/* Start custom CSS for ae-acf, class: .elementor-element-1792fb1 *\/.elementor-365 .elementor-element.elementor-element-1792fb1 {<br \/>\n    color: #000000 !important;<br \/>\n    font-family: \"Work Sans\" !important;<br \/>\n    font-size: 15px !important;<br \/>\n    line-height: 1.4em !important;<br \/>\n}\/* End custom CSS *\/<\/style>\n<section data-id=\"b67c3ca\" data-element_type=\"section\">Nous recrutons tout au long de l\u2019ann\u00e9e des h\u00f4tes et h\u00f4tesses pour de l\u2019accueil en entreprise sur Paris et en r\u00e9gion parisienne.<\/p>\n<p>Pour postuler, merci de d\u00e9poser votre CV sur ce site ou de l\u2019envoyer par mail \u00e0 <a href=\"mailto:recrutement@kalitess.fr\">recrutement@kalitess.fr<\/a>.<\/p>\n<\/section>\n<\/article>\n<p><img loading=\"lazy\" decoding=\"async\" src=\"http:\/\/ia.kalitess.fr\/wp-content\/uploads\/2019\/07\/offres_d_emploi.png\" sizes=\"auto, (max-width: 1024px) 100vw, 1024px\" srcset=\"http:\/\/ia.kalitess.fr\/wp-content\/uploads\/2019\/07\/offres_d_emploi.png 1024w, http:\/\/ia.kalitess.fr\/wp-content\/uploads\/2019\/07\/offres_d_emploi-152x300.png 152w, http:\/\/ia.kalitess.fr\/wp-content\/uploads\/2019\/07\/offres_d_emploi-768x1520.png 768w, http:\/\/ia.kalitess.fr\/wp-content\/uploads\/2019\/07\/offres_d_emploi-517x1024.png 517w\" alt=\"\" width=\"1024\" height=\"2027\" \/><\/p>\n<article>\n<style>.elementor-461 .elementor-element.elementor-element-19f90b2 > .elementor-column-wrap > .elementor-widget-wrap > .elementor-widget:not(.elementor-widget__width-auto):not(.elementor-widget__width-initial):not(:last-child):not(.elementor-absolute){margin-bottom:0px;}.elementor-461 .elementor-element.elementor-element-954e887 .elementor-divider-separator{border-top-style:solid;border-top-width:3px;border-top-color:#953219;width:100%;}.elementor-461 .elementor-element.elementor-element-954e887 .elementor-divider{padding-top:15px;padding-bottom:15px;}.elementor-461 .elementor-element.elementor-element-76256aa .ae-element-post-title{text-align:left;font-family:\"EB Garamond\", Sans-serif;font-size:65px;font-weight:400;color:#000000;}.elementor-461 .elementor-element.elementor-element-76256aa > .elementor-widget-container{margin:0px 0px 0px 0px;padding:0px 0px 0px 0px;}.elementor-461 .elementor-element.elementor-element-88e59c5 .ae-element-post-content{color:#000000;text-align:left;font-family:\"Work Sans\", Sans-serif;font-size:15px;}.elementor-461 .elementor-element.elementor-element-88e59c5 > .elementor-widget-container{margin:0px 0px 25px 0px;padding:0px 0px 0px 0px;}@media(max-width:767px){.elementor-461 .elementor-element.elementor-element-76256aa .ae-element-post-title{font-size:50px;}}\/* Start custom CSS for ae-post-title, class: .elementor-element-76256aa *\/.elementor-461 .elementor-element.elementor-element-76256aa h3 {<br \/>\n    margin: 0;<br \/>\n}\/* End custom CSS *\/<br \/>\n\/* Start custom CSS for ae-post-content, class: .elementor-element-88e59c5 *\/.elementor-461 .elementor-element.elementor-element-88e59c5 {<br \/>\n    color: #000000 !important;<br \/>\n    font-family: \"Work Sans\" !important;<br \/>\n    font-size: 15px !important;<br \/>\n    line-height: 1.4em !important;<br \/>\n}\/* End custom CSS *\/<\/style>\n<section data-id=\"b309f97\" data-element_type=\"section\">\n<h3>Nombreux CDI \u00e0 partir de fin Ao\u00fbt<\/h3>\n<p>Nous recrutons pour de nombreux CDI temps partiels et temps plein \u00e0 partir de fin Ao\u00fbt.<br \/>\nVous \u00eates dynamiques, autonomes, vous avez un bon niveau en anglais et aimez le contact.<br \/>\nD\u00e9posez votre CV sur notre site, il sera \u00e9tudiez prochainement pour des postes sur Paris et proches banlieue.<\/p>\n<p><strong>Type de contrat:<br \/>\n<\/strong>CDI<\/p>\n<p><strong>Type de poste:<br \/>\n<\/strong>Temps plein<br \/>\nTemps partiel en matin\u00e9e<br \/>\nTemps partiel l&rsquo;apr\u00e8s-midi<\/p>\n<p><strong>Missions:<br \/>\n<\/strong>\u2022 Accueil des visiteurs<br \/>\n\u2022 Commande de coursiers<br \/>\n\u2022 Gestion des salles de r\u00e9union<br \/>\n\u2022 Gestion du courrier<br \/>\n\u2022 Gestion du standard t\u00e9l\u00e9phonique<\/p>\n<\/section>\n<\/article>\n<p>[:]<\/p>\n","protected":false},"excerpt":{"rendered":"<p>[:fr] Offres d&#8217;emploi Nous recrutons tout au long de l\u2019ann\u00e9e des h\u00f4tes et h\u00f4tesses pour de l\u2019accueil en entreprise sur Paris et en r\u00e9gion parisienne. Pour postuler, merci de d\u00e9poser votre CV sur ce site ou de l\u2019envoyer par mail \u00e0 recrutement@kalitess.fr. Nombreux CDI \u00e0 partir de fin Ao\u00fbt Nous recrutons pour de nombreux CDI [&hellip;]<\/p>\n","protected":false},"author":1,"featured_media":0,"parent":0,"menu_order":0,"comment_status":"closed","ping_status":"closed","template":"","meta":{"footnotes":""},"class_list":["post-455","page","type-page","status-publish","hentry"],"_links":{"self":[{"href":"https:\/\/ia.kalitess.fr\/index.php\/wp-json\/wp\/v2\/pages\/455","targetHints":{"allow":["GET"]}}],"collection":[{"href":"https:\/\/ia.kalitess.fr\/index.php\/wp-json\/wp\/v2\/pages"}],"about":[{"href":"https:\/\/ia.kalitess.fr\/index.php\/wp-json\/wp\/v2\/types\/page"}],"author":[{"embeddable":true,"href":"https:\/\/ia.kalitess.fr\/index.php\/wp-json\/wp\/v2\/users\/1"}],"replies":[{"embeddable":true,"href":"https:\/\/ia.kalitess.fr\/index.php\/wp-json\/wp\/v2\/comments?post=455"}],"version-history":[{"count":0,"href":"https:\/\/ia.kalitess.fr\/index.php\/wp-json\/wp\/v2\/pages\/455\/revisions"}],"wp:attachment":[{"href":"https:\/\/ia.kalitess.fr\/index.php\/wp-json\/wp\/v2\/media?parent=455"}],"curies":[{"name":"wp","href":"https:\/\/api.w.org\/{rel}","templated":true}]}}